{"id":5012,"date":"2023-12-25T00:00:35","date_gmt":"2023-12-25T03:00:35","guid":{"rendered":"https:\/\/darkred-stork-530475.hostingersite.com\/acerca-de-roam-net\/"},"modified":"2025-09-29T13:32:47","modified_gmt":"2025-09-29T16:32:47","slug":"acerca-de-tip","status":"publish","type":"page","link":"https:\/\/tip-america.com\/es\/acerca-de-tip\/","title":{"rendered":"Acerca de TIP Global"},"content":{"rendered":"\t\t<div data-elementor-type=\"wp-page\" data-elementor-id=\"5012\" class=\"elementor elementor-5012 elementor-111\">\n\t\t\t\t\t\t<section class=\"elementor-section elementor-top-section elementor-element elementor-element-db14216 elementor-section-boxed elementor-section-height-default elementor-section-height-default\" data-id=\"db14216\" data-element_type=\"section\" data-e-type=\"section\">\n\t\t\t\t\t\t<div class=\"elementor-container elementor-column-gap-default\">\n\t\t\t\t\t<div class=\"elementor-column elementor-col-33 elementor-top-column elementor-element elementor-element-36bb900\" data-id=\"36bb900\" data-element_type=\"column\" data-e-type=\"column\">\n\t\t\t<div class=\"elementor-widget-wrap elementor-element-populated\">\n\t\t\t\t\t\t<div class=\"elementor-element elementor-element-8f9c839 elementor-widget elementor-widget-pls-heading\" data-id=\"8f9c839\" data-element_type=\"widget\" data-e-type=\"widget\" data-widget_type=\"pls-heading.default\">\n\t\t\t\t<div class=\"elementor-widget-container\">\n\t\t\t\t\t<div id=\"pls-header-28798\" class=\"pls-element pls-heading pls-text-left separator-line\">\t\n\t\t\t\n\t\t\t<div class=\"heading-wrap\">\n\t\t\t<span class=\"separator-left\"><\/span>\n\t\t\t<h2 class=\"heading-title\">Nuestra historia<\/h2>\t\t\t<span class=\"separator-right\"><\/span>\n\t\t\t\t\t<\/div>\n\t\t\n    <\/div>\t\t\t\t<\/div>\n\t\t\t\t<\/div>\n\t\t\t\t\t<\/div>\n\t\t<\/div>\n\t\t\t\t<div class=\"elementor-column elementor-col-66 elementor-top-column elementor-element elementor-element-95ed5fd\" data-id=\"95ed5fd\" data-element_type=\"column\" data-e-type=\"column\">\n\t\t\t<div class=\"elementor-widget-wrap elementor-element-populated\">\n\t\t\t\t\t\t<div class=\"elementor-element elementor-element-e3105a5 elementor-widget elementor-widget-text-editor\" data-id=\"e3105a5\" data-element_type=\"widget\" data-e-type=\"widget\" data-widget_type=\"text-editor.default\">\n\t\t\t\t<div class=\"elementor-widget-container\">\n\t\t\t\t\t\t\t\t\t<p>TIP Global nace de una pasi\u00f3n de siempre: viajar y estar conectados. Esta historia comenz\u00f3 con Roam, una marca que ayud\u00f3 a miles de viajeros a ahorrar en internet en el extranjero. Ahora, en una nueva etapa con nuevas alianzas y tecnolog\u00eda m\u00e1s avanzada, evolucionamos a TIP Global: una marca renovada, pero con el mismo prop\u00f3sito: conectar personas en cualquier lugar del mundo.<\/p>\t\t\t\t\t\t\t\t<\/div>\n\t\t\t\t<\/div>\n\t\t\t\t<div class=\"elementor-element elementor-element-e317877 elementor-widget elementor-widget-text-editor\" data-id=\"e317877\" data-element_type=\"widget\" data-e-type=\"widget\" data-widget_type=\"text-editor.default\">\n\t\t\t\t<div class=\"elementor-widget-container\">\n\t\t\t\t\t\t\t\t\t<p data-start=\"1725\" data-end=\"1964\">Somos un equipo apasionado por descubrir el mundo y entendemos lo importante que es tener internet confiable durante un viaje. Ya hemos vivido la frustraci\u00f3n de quedarnos sin conexi\u00f3n y el susto de recibir una factura alt\u00edsima al regresar.<\/p><p data-start=\"1966\" data-end=\"2126\">Por eso creamos un servicio 100% digital con tecnolog\u00eda eSIM, que garantiza practicidad, ahorro y una conexi\u00f3n r\u00e1pida y sin complicaciones en m\u00e1s de 160 pa\u00edses.<\/p><p data-start=\"2128\" data-end=\"2331\">Con m\u00e1s de 30 a\u00f1os de experiencia en telecomunicaciones y tecnolog\u00eda, estamos listos para ofrecerte lo mejor en conectividad internacional.<br data-start=\"2267\" data-end=\"2270\" \/>Bienvenido a TIP Global \u2014 tu internet de viaje empieza aqu\u00ed.<\/p>\t\t\t\t\t\t\t\t<\/div>\n\t\t\t\t<\/div>\n\t\t\t\t<div class=\"elementor-element elementor-element-2a5991f elementor-widget elementor-widget-image\" data-id=\"2a5991f\" data-element_type=\"widget\" data-e-type=\"widget\" data-widget_type=\"image.default\">\n\t\t\t\t<div class=\"elementor-widget-container\">\n\t\t\t\t\t\t\t\t\t\t\t\t\t\t\t<img fetchpriority=\"high\" decoding=\"async\" width=\"1920\" height=\"750\" src=\"https:\/\/tip-america.com\/wp-content\/uploads\/2025\/07\/banner2.jpg\" class=\"attachment-full size-full wp-image-11665\" alt=\"\" srcset=\"https:\/\/tip-america.com\/wp-content\/uploads\/2025\/07\/banner2.jpg 1920w, https:\/\/tip-america.com\/wp-content\/uploads\/2025\/07\/banner2-480x188.jpg 480w, https:\/\/tip-america.com\/wp-content\/uploads\/2025\/07\/banner2-1024x400.jpg 1024w, https:\/\/tip-america.com\/wp-content\/uploads\/2025\/07\/banner2-768x300.jpg 768w, https:\/\/tip-america.com\/wp-content\/uploads\/2025\/07\/banner2-1536x600.jpg 1536w, https:\/\/tip-america.com\/wp-content\/uploads\/2025\/07\/banner2-300x117.jpg 300w, https:\/\/tip-america.com\/wp-content\/uploads\/2025\/07\/banner2-800x313.jpg 800w\" sizes=\"(max-width: 1920px) 100vw, 1920px\" \/>\t\t\t\t\t\t\t\t\t\t\t\t\t\t\t<\/div>\n\t\t\t\t<\/div>\n\t\t\t\t\t<\/div>\n\t\t<\/div>\n\t\t\t\t\t<\/div>\n\t\t<\/section>\n\t\t\t\t<section class=\"elementor-section elementor-top-section elementor-element elementor-element-a64cea8 elementor-section-boxed elementor-section-height-default elementor-section-height-default\" data-id=\"a64cea8\" data-element_type=\"section\" data-e-type=\"section\">\n\t\t\t\t\t\t<div class=\"elementor-container elementor-column-gap-default\">\n\t\t\t\t\t<div class=\"elementor-column elementor-col-100 elementor-top-column elementor-element elementor-element-f6421b1\" data-id=\"f6421b1\" data-element_type=\"column\" data-e-type=\"column\">\n\t\t\t<div class=\"elementor-widget-wrap elementor-element-populated\">\n\t\t\t\t\t\t<div class=\"elementor-element elementor-element-59662cd elementor-widget elementor-widget-pls-heading\" data-id=\"59662cd\" data-element_type=\"widget\" data-e-type=\"widget\" data-widget_type=\"pls-heading.default\">\n\t\t\t\t<div class=\"elementor-widget-container\">\n\t\t\t\t\t<div id=\"pls-header-1347\" class=\"pls-element pls-heading pls-text-center separator-none\">\t\n\t\t\t\n\t\t\t<div class=\"heading-wrap\">\n\t\t\t<span class=\"separator-left\"><\/span>\n\t\t\t<h3 class=\"heading-title\">Desp\u00eddete de las elevadas tarifas de itinerancia. \u00a1Ahora eres TIP Global!<\/h3>\t\t\t<span class=\"separator-right\"><\/span>\n\t\t\t\t\t<\/div>\n\t\t\n    <\/div>\t\t\t\t<\/div>\n\t\t\t\t<\/div>\n\t\t\t\t<section class=\"elementor-section elementor-inner-section elementor-element elementor-element-f9d1963 elementor-section-full_width elementor-section-content-middle elementor-section-height-default elementor-section-height-default\" data-id=\"f9d1963\" data-element_type=\"section\" data-e-type=\"section\">\n\t\t\t\t\t\t<div class=\"elementor-container elementor-column-gap-default\">\n\t\t\t\t\t<div class=\"elementor-column elementor-col-33 elementor-inner-column elementor-element elementor-element-bca3030\" data-id=\"bca3030\" data-element_type=\"column\" data-e-type=\"column\">\n\t\t\t<div class=\"elementor-widget-wrap elementor-element-populated\">\n\t\t\t\t\t\t<div class=\"elementor-element elementor-element-1f46b77 elementor-widget elementor-widget-pls-infobox\" data-id=\"1f46b77\" data-element_type=\"widget\" data-e-type=\"widget\" data-widget_type=\"pls-infobox.default\">\n\t\t\t\t<div class=\"elementor-widget-container\">\n\t\t\t\t\t<div id=\"pls-info-box-24110\" class=\"pls-element pls-info-box icon-effect-none icon-simple icon-top color-scheme-inherit hover-color-scheme-inherit text-center\">\n\t<div class=\"info-box-wrap\"  >\n\t\t<div class=\"box-icon-wrap\">\n\t\t\t\t\t\t\t<div class=\"info-box-icon\"><img decoding=\"async\" src=\"https:\/\/tip-america.com\/wp-content\/uploads\/2023\/08\/icon-esim-card.png\" alt=\"1. Recibe su eSIM\" \/><\/div>\n\t\t\t\t\t<\/div>\n\t\t<div class=\"info-box-content\">\n\t\t\t\t\t\t\t\t\t\t<div class=\"info-box-title mb\" >\t\t\t\t\n\t\t\t\t\t<h4>1. Recibe su eSIM<\/h4>\t\t\t\t\t\n\t\t\t\t<\/div>\n\t\t\t\t\t\t\t\t<\/div>\n\t<\/div>\n<\/div>\t\t\t\t<\/div>\n\t\t\t\t<\/div>\n\t\t\t\t\t<\/div>\n\t\t<\/div>\n\t\t\t\t<div class=\"elementor-column elementor-col-33 elementor-inner-column elementor-element elementor-element-6ed2d0a\" data-id=\"6ed2d0a\" data-element_type=\"column\" data-e-type=\"column\">\n\t\t\t<div class=\"elementor-widget-wrap elementor-element-populated\">\n\t\t\t\t\t\t<div class=\"elementor-element elementor-element-9ec07f8 elementor-widget elementor-widget-pls-infobox\" data-id=\"9ec07f8\" data-element_type=\"widget\" data-e-type=\"widget\" data-widget_type=\"pls-infobox.default\">\n\t\t\t\t<div class=\"elementor-widget-container\">\n\t\t\t\t\t<div id=\"pls-info-box-74507\" class=\"pls-element pls-info-box icon-effect-none icon-simple icon-top color-scheme-inherit hover-color-scheme-inherit text-center\">\n\t<div class=\"info-box-wrap\"  >\n\t\t<div class=\"box-icon-wrap\">\n\t\t\t\t\t\t\t<div class=\"info-box-icon\"><img decoding=\"async\" src=\"https:\/\/tip-america.com\/wp-content\/uploads\/2023\/08\/roam-qrcode.png\" alt=\"2. Escanee el c\u00f3digo QR\" \/><\/div>\n\t\t\t\t\t<\/div>\n\t\t<div class=\"info-box-content\">\n\t\t\t\t\t\t\t\t\t\t<div class=\"info-box-title mb\" >\t\t\t\t\n\t\t\t\t\t<h4>2. Escanee el c\u00f3digo QR<\/h4>\t\t\t\t\t\n\t\t\t\t<\/div>\n\t\t\t\t\t\t\t\t<\/div>\n\t<\/div>\n<\/div>\t\t\t\t<\/div>\n\t\t\t\t<\/div>\n\t\t\t\t\t<\/div>\n\t\t<\/div>\n\t\t\t\t<div class=\"elementor-column elementor-col-33 elementor-inner-column elementor-element elementor-element-e68e5a0\" data-id=\"e68e5a0\" data-element_type=\"column\" data-e-type=\"column\">\n\t\t\t<div class=\"elementor-widget-wrap elementor-element-populated\">\n\t\t\t\t\t\t<div class=\"elementor-element elementor-element-518afab elementor-widget elementor-widget-pls-infobox\" data-id=\"518afab\" data-element_type=\"widget\" data-e-type=\"widget\" data-widget_type=\"pls-infobox.default\">\n\t\t\t\t<div class=\"elementor-widget-container\">\n\t\t\t\t\t<div id=\"pls-info-box-81227\" class=\"pls-element pls-info-box icon-effect-none icon-simple icon-top color-scheme-inherit hover-color-scheme-inherit text-center\">\n\t<div class=\"info-box-wrap\"  >\n\t\t<div class=\"box-icon-wrap\">\n\t\t\t\t\t\t\t<div class=\"info-box-icon\"><img decoding=\"async\" src=\"https:\/\/tip-america.com\/wp-content\/uploads\/2023\/08\/icon-internet.png\" alt=\"3. 3. \u00a1Est\u00e1s conectado!\" \/><\/div>\n\t\t\t\t\t<\/div>\n\t\t<div class=\"info-box-content\">\n\t\t\t\t\t\t\t\t\t\t<div class=\"info-box-title mb\" >\t\t\t\t\n\t\t\t\t\t<h4>3. 3. \u00a1Est\u00e1s conectado!<\/h4>\t\t\t\t\t\n\t\t\t\t<\/div>\n\t\t\t\t\t\t\t\t<\/div>\n\t<\/div>\n<\/div>\t\t\t\t<\/div>\n\t\t\t\t<\/div>\n\t\t\t\t\t<\/div>\n\t\t<\/div>\n\t\t\t\t\t<\/div>\n\t\t<\/section>\n\t\t\t\t\t<\/div>\n\t\t<\/div>\n\t\t\t\t\t<\/div>\n\t\t<\/section>\n\t\t\t\t<section class=\"elementor-section elementor-top-section elementor-element elementor-element-0d77c65 elementor-hidden-desktop elementor-hidden-tablet elementor-hidden-mobile elementor-section-boxed elementor-section-height-default elementor-section-height-default\" data-id=\"0d77c65\" data-element_type=\"section\" data-e-type=\"section\" data-settings=\"{&quot;background_background&quot;:&quot;classic&quot;}\">\n\t\t\t\t\t\t<div class=\"elementor-container elementor-column-gap-default\">\n\t\t\t\t\t<div class=\"elementor-column elementor-col-100 elementor-top-column elementor-element elementor-element-3d30ae8\" data-id=\"3d30ae8\" data-element_type=\"column\" data-e-type=\"column\">\n\t\t\t<div class=\"elementor-widget-wrap elementor-element-populated\">\n\t\t\t\t\t\t<div class=\"elementor-element elementor-element-25f1162 elementor-widget elementor-widget-pls-testimonials\" data-id=\"25f1162\" data-element_type=\"widget\" data-e-type=\"widget\" data-widget_type=\"pls-testimonials.default\">\n\t\t\t\t<div class=\"elementor-widget-container\">\n\t\t\t\t\t<div class=\"element-wrap\">\n\t<div class=\"section-content\">\n\t\t<div id=\"pls-testimonial-3387\" class=\"pls-element pls-testimonials row style-3 swiper pls-slider\">\t\n\t\t\t<div class=\"swiper-wrapper slider-col-lg-1 slider-col-md-1 slider-col-1\" data-slider_options=\"{&quot;slider_loop&quot;:true,&quot;slider_autoplay&quot;:false,&quot;slider_autoplay_speed&quot;:&quot;1000&quot;,&quot;slider_pause_on_hover&quot;:true,&quot;slider_rewind&quot;:false,&quot;slider_autoHeigh&quot;:false,&quot;slider_touchDrag&quot;:true,&quot;slider_touchDrag_mobile&quot;:true,&quot;slider_navigation&quot;:true,&quot;slider_pagination&quot;:false,&quot;slider_effect&quot;:&quot;fade&quot;,&quot;slider_spaceBetween&quot;:0,&quot;slides_to_show&quot;:&quot;1&quot;,&quot;slides_to_show_tablet&quot;:&quot;1&quot;,&quot;slides_to_show_mobile&quot;:1,&quot;slides_to_scroll&quot;:1}\" >\n\t\t\t\t\n<div class=\"testimonial swiper-slide\">\n\t<div class=\"testimonial-wrap\">\n\t\t<div class=\"testimonial-content\">\n\t\t\t\t\t<div class=\"testimonial-title\">Un servicio incre\u00edble<\/div>\n\t\t\t\t\t\t\t<div class=\"testimonial-rating woocommerce\"> \n\t\t\t\t<div class=\"star-rating\">\n\t\t\t\t\t<span style=\"width:100%\"><\/span>\n\t\t\t\t<\/div>\n\t\t\t<\/div>\n\t\t\t\t<div class=\"testimonial-description\">\n\t\t\tIt was super easy and worked just fine. Couldn't be happier\t\t<\/div>\n\t\t<div class=\"testimonial-name\">- Olivia G.<\/div>\n\t\t<\/div>\n\t\t<div class=\"testimonial-avatar\">\n\t\t\t<img decoding=\"async\" width=\"500\" height=\"500\" src=\"https:\/\/tip-america.com\/wp-content\/uploads\/2023\/08\/silhueta-f.png\" class=\"attachment-full size-full\" alt=\"\" srcset=\"https:\/\/tip-america.com\/wp-content\/uploads\/2023\/08\/silhueta-f.png 500w, https:\/\/tip-america.com\/wp-content\/uploads\/2023\/08\/silhueta-f-300x300.png 300w, https:\/\/tip-america.com\/wp-content\/uploads\/2023\/08\/silhueta-f-100x100.png 100w, https:\/\/tip-america.com\/wp-content\/uploads\/2023\/08\/silhueta-f-360x360.png 360w, https:\/\/tip-america.com\/wp-content\/uploads\/2023\/08\/silhueta-f-150x150.png 150w\" sizes=\"(max-width: 500px) 100vw, 500px\" \/>\t\t<\/div>\n\t<\/div>\t\n<\/div>\n<div class=\"testimonial swiper-slide\">\n\t<div class=\"testimonial-wrap\">\n\t\t<div class=\"testimonial-content\">\n\t\t\t\t\t<div class=\"testimonial-title\">Todo fue perfecto <\/div>\n\t\t\t\t\t\t\t<div class=\"testimonial-rating woocommerce\"> \n\t\t\t\t<div class=\"star-rating\">\n\t\t\t\t\t<span style=\"width:100%\"><\/span>\n\t\t\t\t<\/div>\n\t\t\t<\/div>\n\t\t\t\t<div class=\"testimonial-description\">\n\t\t\tSince day 1 everything was perfect. I recommend Roam!\t\t<\/div>\n\t\t<div class=\"testimonial-name\">- Matteo S.<\/div>\n\t\t<\/div>\n\t\t<div class=\"testimonial-avatar\">\n\t\t\t<img decoding=\"async\" width=\"500\" height=\"500\" src=\"https:\/\/tip-america.com\/wp-content\/uploads\/2023\/08\/silhueta-m.png\" class=\"attachment-full size-full\" alt=\"\" srcset=\"https:\/\/tip-america.com\/wp-content\/uploads\/2023\/08\/silhueta-m.png 500w, https:\/\/tip-america.com\/wp-content\/uploads\/2023\/08\/silhueta-m-300x300.png 300w, https:\/\/tip-america.com\/wp-content\/uploads\/2023\/08\/silhueta-m-100x100.png 100w, https:\/\/tip-america.com\/wp-content\/uploads\/2023\/08\/silhueta-m-360x360.png 360w, https:\/\/tip-america.com\/wp-content\/uploads\/2023\/08\/silhueta-m-150x150.png 150w\" sizes=\"(max-width: 500px) 100vw, 500px\" \/>\t\t<\/div>\n\t<\/div>\t\n<\/div>\n<div class=\"testimonial swiper-slide\">\n\t<div class=\"testimonial-wrap\">\n\t\t<div class=\"testimonial-content\">\n\t\t\t\t\t<div class=\"testimonial-title\">Me encanta ROAM.NET<\/div>\n\t\t\t\t\t\t\t<div class=\"testimonial-rating woocommerce\"> \n\t\t\t\t<div class=\"star-rating\">\n\t\t\t\t\t<span style=\"width:100%\"><\/span>\n\t\t\t\t<\/div>\n\t\t\t<\/div>\n\t\t\t\t<div class=\"testimonial-description\">\n\t\t\tSimple to connect and fast internet. \t\t<\/div>\n\t\t<div class=\"testimonial-name\">- Roberto B.<\/div>\n\t\t<\/div>\n\t\t<div class=\"testimonial-avatar\">\n\t\t\t<img decoding=\"async\" width=\"500\" height=\"500\" src=\"https:\/\/tip-america.com\/wp-content\/uploads\/2023\/08\/silhueta-m.png\" class=\"attachment-full size-full\" alt=\"\" srcset=\"https:\/\/tip-america.com\/wp-content\/uploads\/2023\/08\/silhueta-m.png 500w, https:\/\/tip-america.com\/wp-content\/uploads\/2023\/08\/silhueta-m-300x300.png 300w, https:\/\/tip-america.com\/wp-content\/uploads\/2023\/08\/silhueta-m-100x100.png 100w, https:\/\/tip-america.com\/wp-content\/uploads\/2023\/08\/silhueta-m-360x360.png 360w, https:\/\/tip-america.com\/wp-content\/uploads\/2023\/08\/silhueta-m-150x150.png 150w\" sizes=\"(max-width: 500px) 100vw, 500px\" \/>\t\t<\/div>\n\t<\/div>\t\n<\/div>\t\t\t<\/div>\t\t\t\n\t\t<\/div>\t\t\n\t<\/div>\n<\/div>\t\t\t\t<\/div>\n\t\t\t\t<\/div>\n\t\t\t\t\t<\/div>\n\t\t<\/div>\n\t\t\t\t\t<\/div>\n\t\t<\/section>\n\t\t\t\t<\/div>\n\t\t","protected":false},"excerpt":{"rendered":"<p>Nuestra historia TIP Global nace de una pasi\u00f3n de siempre: viajar y estar conectados. Esta historia comenz\u00f3 con Roam, una marca que ayud\u00f3 a miles de viajeros a ahorrar en<\/p>\n","protected":false},"author":1,"featured_media":4402,"parent":0,"menu_order":0,"comment_status":"closed","ping_status":"closed","template":"","meta":{"om_disable_all_campaigns":false,"_monsterinsights_skip_tracking":false,"_monsterinsights_sitenote_active":false,"_monsterinsights_sitenote_note":"","_monsterinsights_sitenote_category":0,"footnotes":""},"class_list":["post-5012","page","type-page","status-publish","has-post-thumbnail","hentry"],"aioseo_notices":[],"_links":{"self":[{"href":"https:\/\/tip-america.com\/es\/wp-json\/wp\/v2\/pages\/5012","targetHints":{"allow":["GET"]}}],"collection":[{"href":"https:\/\/tip-america.com\/es\/wp-json\/wp\/v2\/pages"}],"about":[{"href":"https:\/\/tip-america.com\/es\/wp-json\/wp\/v2\/types\/page"}],"author":[{"embeddable":true,"href":"https:\/\/tip-america.com\/es\/wp-json\/wp\/v2\/users\/1"}],"replies":[{"embeddable":true,"href":"https:\/\/tip-america.com\/es\/wp-json\/wp\/v2\/comments?post=5012"}],"version-history":[{"count":7,"href":"https:\/\/tip-america.com\/es\/wp-json\/wp\/v2\/pages\/5012\/revisions"}],"predecessor-version":[{"id":13046,"href":"https:\/\/tip-america.com\/es\/wp-json\/wp\/v2\/pages\/5012\/revisions\/13046"}],"wp:featuredmedia":[{"embeddable":true,"href":"https:\/\/tip-america.com\/es\/wp-json\/wp\/v2\/media\/4402"}],"wp:attachment":[{"href":"https:\/\/tip-america.com\/es\/wp-json\/wp\/v2\/media?parent=5012"}],"curies":[{"name":"wp","href":"https:\/\/api.w.org\/{rel}","templated":true}]}}