{"id":7135,"date":"2023-12-26T19:16:26","date_gmt":"2023-12-26T23:16:26","guid":{"rendered":"https:\/\/darkred-stork-530475.hostingersite.com\/product\/kirguistan\/"},"modified":"2025-08-14T00:25:15","modified_gmt":"2025-08-14T03:25:15","slug":"kirguistan","status":"publish","type":"product","link":"https:\/\/tip-america.com\/es\/Producto\/kirguistan\/","title":{"rendered":"KIRGUIST\u00c1N"},"content":{"rendered":"\t\t<div data-elementor-type=\"wp-post\" data-elementor-id=\"7135\" class=\"elementor elementor-7135 elementor-2128\">\n\t\t\t\t\t\t<section class=\"elementor-section elementor-top-section elementor-element elementor-element-479f5f71 elementor-section-boxed elementor-section-height-default elementor-section-height-default\" data-id=\"479f5f71\" data-element_type=\"section\">\n\t\t\t\t\t\t<div class=\"elementor-container elementor-column-gap-default\">\n\t\t\t\t\t<div class=\"elementor-column elementor-col-100 elementor-top-column elementor-element elementor-element-10143974\" data-id=\"10143974\" data-element_type=\"column\">\n\t\t\t<div class=\"elementor-widget-wrap elementor-element-populated\">\n\t\t\t\t\t\t<div class=\"elementor-element elementor-element-3acf716a elementor-widget elementor-widget-text-editor\" data-id=\"3acf716a\" data-element_type=\"widget\" data-widget_type=\"text-editor.default\">\n\t\t\t\t<div class=\"elementor-widget-container\">\n\t\t\t\t\t\t\t\t\t<ul>\n \t<li>Comprueba si tu dispositivo es compatible con la tecnolog\u00eda eSIM.<\/li>\n \t<li>Disfruta de tu viaje con datos ilimitados.<\/li>\n \t<li>Recibe tu c\u00f3digo QR y con\u00e9ctate al instante.<\/li>\n \t<li>F\u00e1cil de instalar. Sin inscripciones ni suscripciones.<\/li>\n \t<li>Guarda tu n\u00famero de WhatsApp en el m\u00f3vil.<\/li>\n \t<li>Con\u00e9ctate a las mejores redes.<\/li>\n \t<li>Olv\u00eddate del roaming y de buscar redes WiFi p\u00fablicas.<\/li>\n<\/ul>\n\t\t\t\t\t\t\t\t<\/div>\n\t\t\t\t<\/div>\n\t\t\t\t\t<\/div>\n\t\t<\/div>\n\t\t\t\t\t<\/div>\n\t\t<\/section>\n\t\t\t\t<\/div>\n\t\t","protected":false},"excerpt":{"rendered":"<p>Comprueba si tu dispositivo es compatible con la tecnolog\u00eda eSIM. Disfruta de tu viaje con datos ilimitados. Recibe tu c\u00f3digo QR y con\u00e9ctate al instante. F\u00e1cil de instalar. Sin inscripciones<\/p>\n","protected":false},"featured_media":13872,"template":"","meta":{"om_disable_all_campaigns":false,"_monsterinsights_skip_tracking":false,"_monsterinsights_sitenote_active":false,"_monsterinsights_sitenote_note":"","_monsterinsights_sitenote_category":0},"product_cat":[114],"product_tag":[],"class_list":{"0":"post-7135","1":"product","2":"type-product","3":"status-publish","4":"has-post-thumbnail","6":"product_cat-asia-es","8":"first","9":"instock","10":"featured","11":"shipping-taxable","12":"purchasable","13":"product-type-variable"},"aioseo_notices":[],"_links":{"self":[{"href":"https:\/\/tip-america.com\/es\/wp-json\/wp\/v2\/product\/7135","targetHints":{"allow":["GET"]}}],"collection":[{"href":"https:\/\/tip-america.com\/es\/wp-json\/wp\/v2\/product"}],"about":[{"href":"https:\/\/tip-america.com\/es\/wp-json\/wp\/v2\/types\/product"}],"version-history":[{"count":3,"href":"https:\/\/tip-america.com\/es\/wp-json\/wp\/v2\/product\/7135\/revisions"}],"predecessor-version":[{"id":12603,"href":"https:\/\/tip-america.com\/es\/wp-json\/wp\/v2\/product\/7135\/revisions\/12603"}],"wp:featuredmedia":[{"embeddable":true,"href":"https:\/\/tip-america.com\/es\/wp-json\/wp\/v2\/media\/13872"}],"wp:attachment":[{"href":"https:\/\/tip-america.com\/es\/wp-json\/wp\/v2\/media?parent=7135"}],"wp:term":[{"taxonomy":"product_cat","embeddable":true,"href":"https:\/\/tip-america.com\/es\/wp-json\/wp\/v2\/product_cat?post=7135"},{"taxonomy":"product_tag","embeddable":true,"href":"https:\/\/tip-america.com\/es\/wp-json\/wp\/v2\/product_tag?post=7135"}],"curies":[{"name":"wp","href":"https:\/\/api.w.org\/{rel}","templated":true}]}}